{"id":6156,"date":"2025-07-29T10:32:37","date_gmt":"2025-07-29T08:32:37","guid":{"rendered":"https:\/\/www.olc-adventure.de\/shop\/?post_type=product&#038;p=6156"},"modified":"2026-02-04T13:25:46","modified_gmt":"2026-02-04T12:25:46","slug":"olc140alu-2-0-modell-2025","status":"publish","type":"product","link":"https:\/\/www.olc-adventure.de\/shop\/product\/olc140alu-2-0-modell-2025\/","title":{"rendered":"OLC140ALU 2.0 Modell 2025"},"content":{"rendered":"<p><strong>Willkommen bei unserem neu aufgelegten Bestseller, dem OLC140ALU 2.0 Modell 2025.<\/strong><\/p>\n<p>Durch den Einsatz des neuen ausklappbaren Erkers hat man ein unglaublich gro\u00dfes Raumgef\u00fchl, und wesentlich mehr Kopffreiheit.<br \/>\nDieses spezielle Dachzelt bietet ausreichend Platz f\u00fcr 2 Personen und ordentlich Gep\u00e4ck.<br \/>\nEs verf\u00fcgt \u00fcber eine gro\u00dfe Fly in anthrazit.<\/p>\n<p>An die Fly kann die optional erh\u00e4ltliche, 3-teilige Markise angezippt werden.<\/p>\n<p>Rund um die Ober- und Unterschale sind Nuten passend f\u00fcr M8 Nutensteine eingefasst. An der Unterschale sind nun 2 L\u00e4ngsnuten eingefasst, und man kann dort Sachen wie H\u00e4ngematte, Markise, Duschzelt o.\u00e4. montieren. Die Nuten in der Oberschale erlauben die Montage von Quertr\u00e4gern, auf welchen z.B. Fahrr\u00e4der, Solarmodule, Kanu\/Kajak, Kisten oder sonstigem Zubeh\u00f6r montiert werden k\u00f6nnen. Die Oberschale ist jetzt mit 100kg belastbar.<\/p>\n<ul>\n<li>Ober- und Unterschale aus Honeycomb Aluminium. Sehr stabil und isolierend<\/li>\n<li>Gro\u00dfes Skylight mit Moskitoschutz<\/li>\n<li>Vordach am Frontfenster<\/li>\n<li>Gro\u00dfe Fly in anthrazit<\/li>\n<li>Moskitonetze an allen \u00d6ffnungen<\/li>\n<li>Gasdruckfedern, Scharniere und Verschl\u00fcsse aus Edelstahl<\/li>\n<li>Doppelte N\u00e4hte, abgedichtet und verschwei\u00dft<\/li>\n<li>Wasserabweisend und wasserdicht<\/li>\n<li>Matratzenschonbezug aus Polyester mit Rei\u00dfverschluss, waschbar<\/li>\n<li>SBS Rei\u00dfverschl\u00fcsse<\/li>\n<li>LED Dachzeltbeleuchtung, 3-farbig und dimmbar inklusive (USB Anschluss)<\/li>\n<li>6 F\u00e4cher in der Oberschale<\/li>\n<li>1 Gep\u00e4cknetz in der Oberschale<\/li>\n<li>3 Seitentaschen an den Innenw\u00e4nden<\/li>\n<li>2 Trinkflaschentaschen im Erkerbereich<\/li>\n<li>2 Kleiderhaken<\/li>\n<li>2 Quertr\u00e4ger inklusive<\/li>\n<li>1 Teleskopleiter schwarz 2,3 m<\/li>\n<\/ul>\n","protected":false},"excerpt":{"rendered":"<p>Willkommen bei unserem neu aufgelegten Bestseller, dem OLC140ALU 2.0 Modell 2025. Durch den Einsatz des neuen ausklappbaren Erkers hat man ein unglaublich gro\u00dfes Raumgef\u00fchl, und wesentlich mehr Kopffreiheit. Dieses spezielle Dachzelt bietet ausreichend Platz f\u00fcr 2 Personen und ordentlich Gep\u00e4ck. Es verf\u00fcgt \u00fcber eine gro\u00dfe Fly in anthrazit. An die Fly kann die optional erh\u00e4ltliche, [&hellip;]<\/p>\n","protected":false},"featured_media":6334,"comment_status":"closed","ping_status":"closed","template":"","meta":{"_acf_changed":false},"product_brand":[],"product_cat":[271],"product_tag":[],"class_list":{"0":"post-6156","1":"product","2":"type-product","3":"status-publish","4":"has-post-thumbnail","6":"product_cat-dachzelte","7":"product_shipping_class-dachzelte","9":"first","10":"instock","11":"shipping-taxable","12":"purchasable","13":"product-type-simple"},"acf":[],"_links":{"self":[{"href":"https:\/\/www.olc-adventure.de\/shop\/wp-json\/wp\/v2\/product\/6156","targetHints":{"allow":["GET"]}}],"collection":[{"href":"https:\/\/www.olc-adventure.de\/shop\/wp-json\/wp\/v2\/product"}],"about":[{"href":"https:\/\/www.olc-adventure.de\/shop\/wp-json\/wp\/v2\/types\/product"}],"replies":[{"embeddable":true,"href":"https:\/\/www.olc-adventure.de\/shop\/wp-json\/wp\/v2\/comments?post=6156"}],"wp:featuredmedia":[{"embeddable":true,"href":"https:\/\/www.olc-adventure.de\/shop\/wp-json\/wp\/v2\/media\/6334"}],"wp:attachment":[{"href":"https:\/\/www.olc-adventure.de\/shop\/wp-json\/wp\/v2\/media?parent=6156"}],"wp:term":[{"taxonomy":"product_brand","embeddable":true,"href":"https:\/\/www.olc-adventure.de\/shop\/wp-json\/wp\/v2\/product_brand?post=6156"},{"taxonomy":"product_cat","embeddable":true,"href":"https:\/\/www.olc-adventure.de\/shop\/wp-json\/wp\/v2\/product_cat?post=6156"},{"taxonomy":"product_tag","embeddable":true,"href":"https:\/\/www.olc-adventure.de\/shop\/wp-json\/wp\/v2\/product_tag?post=6156"}],"curies":[{"name":"wp","href":"https:\/\/api.w.org\/{rel}","templated":true}]}}