{"id":6203,"date":"2025-08-01T07:39:47","date_gmt":"2025-08-01T05:39:47","guid":{"rendered":"https:\/\/www.olc-adventure.de\/shop\/?post_type=product&#038;p=6203"},"modified":"2026-03-26T15:21:08","modified_gmt":"2026-03-26T14:21:08","slug":"capra-camper-3-0-wohnkabine","status":"publish","type":"product","link":"https:\/\/www.olc-adventure.de\/shop\/product\/capra-camper-3-0-wohnkabine\/","title":{"rendered":"Capra Camper 3.0 Wohnkabine"},"content":{"rendered":"<p>Features<br \/>\n<strong>In der Capra Camper 3.0 Basic Ausstattung ist nur das n\u00f6tigste verbaut:<\/strong><\/p>\n<ul>\n<li>Dank vier Gasdruckd\u00e4mpfer ist das Parallelhubdach in wenigen Sekunden aufgestellt. Der Innenraum bietet viel Platz f\u00fcr bis zu 3 Personen. Das gro\u00dfe ausziehbare Alkoven Bett bietet eine gro\u00dfe Liegefl\u00e4che von 190x155cm und beeindruckende 760 mm Kopffreiheit<\/li>\n<li>Bett inklusive Matratzen<\/li>\n<li>Innenw\u00e4nde gefilzt<\/li>\n<li>Fu\u00dfbodenplatte Siebdruck<\/li>\n<\/ul>\n<p>&#8212;&#8212;&#8212;&#8212;&#8212;&#8212;&#8212;&#8212;&#8212;&#8212;&#8212;&#8212;&#8212;&#8212;-<\/p>\n<p><strong>In der Capra Camper 3.0 OLC Edition hat die Standartausstattung bereits schon das n\u00f6tigste zum Autark sein verbaut<\/strong>:<\/p>\n<ul>\n<li>Dank vier Gasdruckd\u00e4mpfer ist das Parallelhubdach in wenigen Sekunden aufgestellt. Der Innenraum bietet viel Platz f\u00fcr bis zu 3 Personen. Das gro\u00dfe ausziehbare Alkoven Bett bietet eine gro\u00dfe Liegefl\u00e4che und beeindruckende 760 mm Kopffreiheit<\/li>\n<li>Der Camper wird durch zwei HV Solarpaneele mit Strom versorgt (2 x 220 W)<\/li>\n<li>2x Batterie 100 Ah AGM<\/li>\n<li>eingebaute LED-Beleuchtung im Innen- und Au\u00dfenbereich<\/li>\n<li>Gaskocher<\/li>\n<li>230 V Steckdose (durchgeschleift)<\/li>\n<li>2x USB-Ladeports<\/li>\n<li>1x 12V Kfz Steckdose \/ Zigarettenanz\u00fcnder<\/li>\n<li>Hauptschalter<\/li>\n<li>Wassertank 25 Liter mit Duschbrause f\u00fcr K\u00f6rperpflege und K\u00fcche (EL-Pumpe)<\/li>\n<li>Klapptisch im Camper<\/li>\n<li>Sitzgelegenheiten: 8 cm dicke, bequeme Polster<\/li>\n<li>Nur 300kg mit vollem Wassertank<\/li>\n<li>Kabine abschlie\u00dfbar<\/li>\n<li>2,5 mm Aluminiumkonstruktion -&gt; robust und stabil f\u00fcr eine lange Lebensdauer<\/li>\n<li>F\u00fcr Campingpl\u00e4tze: 230 V Versorgungsleitung<\/li>\n<li>Individuelle Liegefl\u00e4chen zum Schlafen oder Chillen.<\/li>\n<li>Liegefl\u00e4che oben 195 cm x 155 cm \/ Liegefl\u00e4che unten 155 cm x 85 cm<\/li>\n<li>30 mm Isolierung<\/li>\n<li>Sichtschutzrollos und Moskitonetz-Set f\u00fcr den unteren Wohnbereich.<\/li>\n<\/ul>\n<p>&#8212;&#8212;&#8212;&#8212;&#8212;&#8212;&#8212;&#8212;&#8212;&#8212;&#8212;&#8212;&#8212;&#8212;-<\/p>\n<p><strong>In der Capra Camper 3.0 OLC Edition hat die All in Luxusausstattung bereits alles zum Autark sein verbaut<\/strong>:<\/p>\n<ul>\n<li>Dank vier Gasdruckd\u00e4mpfer ist das Parallelhubdach in wenigen Sekunden aufgestellt. Der Innenraum bietet viel Platz f\u00fcr bis zu 3 Personen. Das gro\u00dfe ausziehbare Alkoven Bett bietet eine gro\u00dfe Liegefl\u00e4che und beeindruckende 760 mm Kopffreiheit<\/li>\n<li>Der Camper wird durch zwei HV Solarpaneele mit Strom versorgt (2 x 220 W)<\/li>\n<li>2x Batterie 100 Ah AGM<\/li>\n<li>eingebaute LED-Beleuchtung im Innen- und Au\u00dfenbereich<\/li>\n<li>Gaskocher<\/li>\n<li>230 V Steckdose (durchgeschleift)<\/li>\n<li>2x USB-Ladeports<\/li>\n<li>1x 12V Kfz Steckdose \/ Zigarettenanz\u00fcnder<\/li>\n<li>Hauptschalter<\/li>\n<li>Wassertank 30 Liter mit Duschbrause f\u00fcr K\u00f6rperpflege und K\u00fcche (EL-Pumpe)<\/li>\n<li>Klapptisch im Camper<\/li>\n<li>Sitzgelegenheiten: 8cm dicke, bequeme Polster<\/li>\n<li>Nur 320kg mit vollem Wassertank<\/li>\n<li>Kabine abschlie\u00dfbar<\/li>\n<li>2,5 mm Aluminiumkonstruktion -&gt; robust und stabil f\u00fcr eine lange Lebensdauer<\/li>\n<li>F\u00fcr Campingpl\u00e4tze: 230 V Versorgungsleitung<\/li>\n<li>Individuelle Liegefl\u00e4chen zum Schlafen oder Chillen.<\/li>\n<li>Liegefl\u00e4che oben 195 cm x 155 cm \/ Liegefl\u00e4che unten 155 cm x 85 cm<\/li>\n<li>30 mm Isolierung<\/li>\n<li>Sichtschutzrollos und Moskitonetz-Set f\u00fcr den unteren Wohnbereich.<\/li>\n<li>KoMa Land Kackbox Trockentrenntoilette<\/li>\n<li>KoMa Land Waschbox mit elektrischer Pumpe und 4,7 L Frisch- und Abwasserkanister<\/li>\n<li>Engel MT-45 F-V Kompressor-K\u00fchlbox 40 L<\/li>\n<li>Ebersp\u00e4cher D2L \u2013 neue Generation 12V Dieselheizung<\/li>\n<\/ul>\n","protected":false},"excerpt":{"rendered":"<p>OLC Adventure ist eine offizielle Vertretung f\u00fcr die Capra Camper 3.0 Pop Up Kabinen in Norddeutschland<\/p>\n<p>Bei dieser Variante handelt es sich um die Wohnkabine f\u00fcr Pick Ups mit Doppelkabine.<\/p>\n","protected":false},"featured_media":6213,"comment_status":"closed","ping_status":"closed","template":"","meta":{"_acf_changed":false},"product_brand":[],"product_cat":[272],"product_tag":[],"class_list":{"0":"post-6203","1":"product","2":"type-product","3":"status-publish","4":"has-post-thumbnail","6":"product_cat-capra-camper-absetzkabinen","8":"first","9":"instock","10":"sold-individually","11":"shipping-taxable","12":"purchasable","13":"product-type-variable","14":"has-default-attributes"},"acf":[],"_links":{"self":[{"href":"https:\/\/www.olc-adventure.de\/shop\/wp-json\/wp\/v2\/product\/6203","targetHints":{"allow":["GET"]}}],"collection":[{"href":"https:\/\/www.olc-adventure.de\/shop\/wp-json\/wp\/v2\/product"}],"about":[{"href":"https:\/\/www.olc-adventure.de\/shop\/wp-json\/wp\/v2\/types\/product"}],"replies":[{"embeddable":true,"href":"https:\/\/www.olc-adventure.de\/shop\/wp-json\/wp\/v2\/comments?post=6203"}],"wp:featuredmedia":[{"embeddable":true,"href":"https:\/\/www.olc-adventure.de\/shop\/wp-json\/wp\/v2\/media\/6213"}],"wp:attachment":[{"href":"https:\/\/www.olc-adventure.de\/shop\/wp-json\/wp\/v2\/media?parent=6203"}],"wp:term":[{"taxonomy":"product_brand","embeddable":true,"href":"https:\/\/www.olc-adventure.de\/shop\/wp-json\/wp\/v2\/product_brand?post=6203"},{"taxonomy":"product_cat","embeddable":true,"href":"https:\/\/www.olc-adventure.de\/shop\/wp-json\/wp\/v2\/product_cat?post=6203"},{"taxonomy":"product_tag","embeddable":true,"href":"https:\/\/www.olc-adventure.de\/shop\/wp-json\/wp\/v2\/product_tag?post=6203"}],"curies":[{"name":"wp","href":"https:\/\/api.w.org\/{rel}","templated":true}]}}