{"id":6293,"date":"2025-10-09T16:46:17","date_gmt":"2025-10-09T14:46:17","guid":{"rendered":"https:\/\/www.olc-adventure.de\/shop\/?post_type=product&#038;p=6293"},"modified":"2026-04-24T12:33:11","modified_gmt":"2026-04-24T10:33:11","slug":"270-markise-2m-xtended-fahrer-oder-beifahrerseite","status":"publish","type":"product","link":"https:\/\/www.olc-adventure.de\/shop\/product\/270-markise-2m-xtended-fahrer-oder-beifahrerseite\/","title":{"rendered":"270\u00b0 Markise 2m Xtended Fahrer- oder Beifahrerseite"},"content":{"rendered":"<p>F\u00fcr 2025 ist unsere Xtended Version nochmals \u00fcberarbeitet worden.<\/p>\n<p>Die 270\u00b0 Markise freitragend 2m Xtended gibt es f\u00fcr links- und rechtsseitige (Fahrer- oder Beifahrer) Montage.<br \/>\nWir bitten dies bei der Bestellung zu ber\u00fccksichtigen.<\/p>\n<p>Was ist neu:<br \/>\n&#8211; einteilige Montageschiene (Abstand der durchgehenden, horizontalen Nuten: 105 mm)<br \/>\n&#8211; 600D Oxford Polyester Stoff<br \/>\n&#8211; 6 Heavy Duty Tragarme in A-Frame Form<br \/>\n&#8211; 3 Teleskopstangen integriert, 3 beiliegend<br \/>\n&#8211; Pindown F\u00fc\u00dfe an den Teleskopstangen<br \/>\n&#8211; Aufsteller f\u00fcr besseren Wasserablauf<br \/>\n&#8211; Heavy Duty Karabinerhaken und Schnellspanner zum aufspannen<br \/>\n&#8211; 50 mm breite Klettverriegelung f\u00fcr den aufgerollten Stoff<br \/>\n&#8211; 4x LED Beleuchtung, 3-farbig und dimmbar<br \/>\n&#8211; variable Tasche f\u00fcr eine Powerbank, um die LED Beleuchtung zu befeuern<\/p>\n<p>Die freitragende 270\u00b0 Markise in der Xtended Variante von OLC Adventure ist innerhalb weniger Minuten komplett aufgebaut. Grade f\u00fcr kleinere Camper, SUV\u00b4s, Minicamper und Busse mit kurzem Radstand ist diese Gr\u00f6\u00dfe der beliebten Markise geeignet. Sie zeichnet sich durch eine durchdachte, leichte und trotzdem sehr stabile Konstruktion aus. Jeder Arm der Markise hat seinen eigenen Drehpunkt und ist durch die verschwei\u00dfte, doppelte 4 Kant-Aluminiumrohr Konstruktion im A-Design enorm belastbar. Kleine Aufsteller auf den Armen geben dem Stoff ein Gef\u00e4lle, damit Regenwasser gut und gezielt ablaufen kann. Die 3 integrierten Teleskopst\u00fctzen helfen bei leicht windigem Wetter die Markise am Boden zu befestigen. Sollte es etwas mehr auffrischen, k\u00f6nnen die 3 \u00fcbrigen Teleskopstangen im Handumdrehen installiert werden. 6 signalfarbene Abspannb\u00e4nder und Heringe geben der Markise dabei guten Halt. Zwischen den Armen l\u00e4sst sich die Markise nochmals abspannen, damit das Regenwasser auch sicher seinen Ablauf hat. Der Stoff besteht aus einem 600D Polyesterstoff, welcher leicht und trotzdem sehr belastbar ist. Er verf\u00fcgt \u00fcber einen UV-50 Sonnenschutz, ist tauchimpr\u00e4gniert und von unten PU beschichtet.<\/p>\n<p>Dank der universellen Montagewinkel ist der Einsatz an fast jedem Fahrzeug m\u00f6glich. Verschiedene Hardware liegt dem Set dazu bei.<\/p>\n<p>270\u00b0 Markise 2,0 m Xtended<\/p>\n<p>Ma\u00dfe: 2,0 m x 22 cm x 17 cm<br \/>\nGewicht: 25 Kg<br \/>\nStoff: 600D Oxford Polyester<br \/>\nSchattenfl\u00e4che: ca. 10,2m\u00b2<\/p>\n<p>Lieferumfang:<\/p>\n<p>270\u00b0 Markise 2,0 m<br \/>\n2 Montagewinkel inkl. Hardware (Ma\u00dfe der Winkel: L 250 mm, B 70 mm, H 150 mm)<br \/>\n6 Teleskopstangen (3 davon montiert)<br \/>\n6 Abspannseile<br \/>\n6 Erdanker<br \/>\nKabel f\u00fcr LED Beleuchtung<\/p>\n<p>&nbsp;<\/p>\n","protected":false},"excerpt":{"rendered":"<p>F\u00fcr 2025 ist unsere Xtended Version nochmals \u00fcberarbeitet worden. Die 270\u00b0 Markise freitragend 2m Xtended gibt es f\u00fcr links- und rechtsseitige (Fahrer- oder Beifahrer) Montage. Wir bitten dies bei der Bestellung zu ber\u00fccksichtigen. Was ist neu: &#8211; einteilige Montageschiene (Abstand der durchgehenden, horizontalen Nuten: 105 mm) &#8211; 600D Oxford Polyester Stoff &#8211; 6 Heavy Duty [&hellip;]<\/p>\n","protected":false},"featured_media":6296,"comment_status":"closed","ping_status":"closed","template":"","meta":{"_acf_changed":false},"product_brand":[],"product_cat":[270],"product_tag":[280,278,279,277],"class_list":{"0":"post-6293","1":"product","2":"type-product","3":"status-publish","4":"has-post-thumbnail","6":"product_cat-markisen","7":"product_tag-280","8":"product_tag-extended","9":"product_tag-markise","10":"product_tag-xtended","11":"product_shipping_class-markisen","12":"pa_anbauseite-fahrerseite-links","13":"pa_anbauseite-beifahrerseite-rechts","15":"first","16":"instock","17":"sold-individually","18":"shipping-taxable","19":"purchasable","20":"product-type-variable"},"acf":[],"_links":{"self":[{"href":"https:\/\/www.olc-adventure.de\/shop\/wp-json\/wp\/v2\/product\/6293","targetHints":{"allow":["GET"]}}],"collection":[{"href":"https:\/\/www.olc-adventure.de\/shop\/wp-json\/wp\/v2\/product"}],"about":[{"href":"https:\/\/www.olc-adventure.de\/shop\/wp-json\/wp\/v2\/types\/product"}],"replies":[{"embeddable":true,"href":"https:\/\/www.olc-adventure.de\/shop\/wp-json\/wp\/v2\/comments?post=6293"}],"wp:featuredmedia":[{"embeddable":true,"href":"https:\/\/www.olc-adventure.de\/shop\/wp-json\/wp\/v2\/media\/6296"}],"wp:attachment":[{"href":"https:\/\/www.olc-adventure.de\/shop\/wp-json\/wp\/v2\/media?parent=6293"}],"wp:term":[{"taxonomy":"product_brand","embeddable":true,"href":"https:\/\/www.olc-adventure.de\/shop\/wp-json\/wp\/v2\/product_brand?post=6293"},{"taxonomy":"product_cat","embeddable":true,"href":"https:\/\/www.olc-adventure.de\/shop\/wp-json\/wp\/v2\/product_cat?post=6293"},{"taxonomy":"product_tag","embeddable":true,"href":"https:\/\/www.olc-adventure.de\/shop\/wp-json\/wp\/v2\/product_tag?post=6293"}],"curies":[{"name":"wp","href":"https:\/\/api.w.org\/{rel}","templated":true}]}}