{"id":6363,"date":"2025-10-22T13:56:27","date_gmt":"2025-10-22T11:56:27","guid":{"rendered":"https:\/\/www.olc-adventure.de\/shop\/?post_type=product&#038;p=6363"},"modified":"2026-02-07T11:57:32","modified_gmt":"2026-02-07T10:57:32","slug":"olc150alu-hybrid","status":"publish","type":"product","link":"https:\/\/www.olc-adventure.de\/shop\/product\/olc150alu-hybrid\/","title":{"rendered":"OLC150ALU Hybrid"},"content":{"rendered":"<p dir=\"ltr\">Das OLC150Alu Hybrid ist ein Hartschalendachzelt mit einem Deckel aus Aluminium.<\/p>\n<p dir=\"ltr\">Es eignet sich mit seiner Liegefl\u00e4che von 205 cm x 140 cm hervorragend f\u00fcr P\u00e4rchen oder Alleinreisende.<\/p>\n<p dir=\"ltr\">An den umlaufenden Nuten des Deckels lassen sich alle m\u00f6glichen Verschraubungen realisieren.<\/p>\n<p dir=\"ltr\">Sei es eine W\u00e4scheleine oder eine H\u00e4ngematte daran zu befestigen &#8211; hier ist ausreichend Platz, um sich zu verwirklichen.<\/p>\n<p dir=\"ltr\">Die mitgelieferten Dachtr\u00e4ger f\u00fcr das Dachzelt sind l\u00e4ngs verschiebbar und k\u00f6nnen zus\u00e4tzliches Gep\u00e4ck von bis zu 100kg aufnehmen.<\/p>\n<p dir=\"ltr\">Maxtrax, Ersatzrad, Solar, Kajak, Surfboard oder SUP finden hier ihren Platz.<\/p>\n<p>&nbsp;<\/p>\n<p dir=\"ltr\">Heavy Duty Wabenboden<\/p>\n<p dir=\"ltr\">Panoramafly an den Seitenfenstern f\u00fcr uneingeschr\u00e4nkten Ausblick<\/p>\n<p dir=\"ltr\">Moskitonetze an allen Fenstern und am Einstieg<\/p>\n<p dir=\"ltr\">Gro\u00dfes Skylight<\/p>\n<p dir=\"ltr\">25 mm starkes, ummanteltes Aluminiumgest\u00e4nge<\/p>\n<p dir=\"ltr\">Gelenke und Rohrverbinder aus Aluminium<\/p>\n<p dir=\"ltr\">Stichbogen im vorderen Rahmen<\/p>\n<p dir=\"ltr\">Markenrei\u00dfverschl\u00fcsse: YKK \/ SBS<\/p>\n<p dir=\"ltr\">Doppelte N\u00e4hte, abgedichtet und verschwei\u00dft<\/p>\n<p dir=\"ltr\">Wasserabweisend und wasserdicht<\/p>\n<p>&nbsp;<\/p>\n<p dir=\"ltr\">Lieferumfang:<\/p>\n<p dir=\"ltr\">2 Heavy Duty Quertr\u00e4ger zur Installation auf dem Dachzelt<\/p>\n<p dir=\"ltr\">LED Innen- und Au\u00dfenbeleuchtung in orange und kaltwei\u00df dimmbar. Stromversorgung \u00fcber USB Powerbank (nicht im Lieferumfang enthalten)<\/p>\n<p dir=\"ltr\">Mesh unter der Matratze<\/p>\n<p dir=\"ltr\">2 ger\u00e4umige Schuhtaschen<\/p>\n<p dir=\"ltr\">Schwarze Teleskopleiter bis 238 cm<\/p>\n<p dir=\"ltr\">Gro\u00dfes Gep\u00e4cknetz auf der Deckelinnenseite<\/p>\n<p dir=\"ltr\">Insgesamt 8 Taschen im Dachzelt<\/p>\n<p>&nbsp;<\/p>\n<p dir=\"ltr\">Zeltstoff 280G Canvas (Polyester-Baumwoll Mischgewebe) Ripstop 2000 mm Wassers\u00e4ule<\/p>\n<p dir=\"ltr\">\u00dcberzelt 420D Polyester Oxford 2000 mm Wassers\u00e4ule<\/p>\n<p dir=\"ltr\">Matratze 205&#215;140 cm 4cm Memoryfoam H\u00e4rtegrad 38<\/p>\n<p dir=\"ltr\">Hartschale Aluminium<\/p>\n<p dir=\"ltr\">Dachzelt geschlossen 150x125x27,5 cm<\/p>\n<p dir=\"ltr\">Dachzelt ge\u00f6ffnet 150x210x110 cm<\/p>\n<p dir=\"ltr\">Gewicht 79 kg<\/p>\n<p dir=\"ltr\">Markenrei\u00dfverschl\u00fcsse YKK\/SBS<\/p>\n","protected":false},"excerpt":{"rendered":"<p>Das OLC150Alu Hybrid ist ein Hartschalendachzelt mit einem Deckel aus Aluminium. Es eignet sich mit seiner Liegefl\u00e4che von 205 cm x 140 cm hervorragend f\u00fcr P\u00e4rchen oder Alleinreisende. An den umlaufenden Nuten des Deckels lassen sich alle m\u00f6glichen Verschraubungen realisieren. Sei es eine W\u00e4scheleine oder eine H\u00e4ngematte daran zu befestigen &#8211; hier ist ausreichend Platz, [&hellip;]<\/p>\n","protected":false},"featured_media":6149,"comment_status":"closed","ping_status":"closed","template":"","meta":{"_acf_changed":false},"product_brand":[],"product_cat":[271],"product_tag":[],"class_list":{"0":"post-6363","1":"product","2":"type-product","3":"status-publish","4":"has-post-thumbnail","6":"product_cat-dachzelte","7":"product_shipping_class-dachzelte","9":"first","10":"instock","11":"shipping-taxable","12":"purchasable","13":"product-type-simple"},"acf":[],"_links":{"self":[{"href":"https:\/\/www.olc-adventure.de\/shop\/wp-json\/wp\/v2\/product\/6363","targetHints":{"allow":["GET"]}}],"collection":[{"href":"https:\/\/www.olc-adventure.de\/shop\/wp-json\/wp\/v2\/product"}],"about":[{"href":"https:\/\/www.olc-adventure.de\/shop\/wp-json\/wp\/v2\/types\/product"}],"replies":[{"embeddable":true,"href":"https:\/\/www.olc-adventure.de\/shop\/wp-json\/wp\/v2\/comments?post=6363"}],"wp:featuredmedia":[{"embeddable":true,"href":"https:\/\/www.olc-adventure.de\/shop\/wp-json\/wp\/v2\/media\/6149"}],"wp:attachment":[{"href":"https:\/\/www.olc-adventure.de\/shop\/wp-json\/wp\/v2\/media?parent=6363"}],"wp:term":[{"taxonomy":"product_brand","embeddable":true,"href":"https:\/\/www.olc-adventure.de\/shop\/wp-json\/wp\/v2\/product_brand?post=6363"},{"taxonomy":"product_cat","embeddable":true,"href":"https:\/\/www.olc-adventure.de\/shop\/wp-json\/wp\/v2\/product_cat?post=6363"},{"taxonomy":"product_tag","embeddable":true,"href":"https:\/\/www.olc-adventure.de\/shop\/wp-json\/wp\/v2\/product_tag?post=6363"}],"curies":[{"name":"wp","href":"https:\/\/api.w.org\/{rel}","templated":true}]}}