{"id":6379,"date":"2025-10-22T18:09:21","date_gmt":"2025-10-22T16:09:21","guid":{"rendered":"https:\/\/www.olc-adventure.de\/shop\/?post_type=product&#038;p=6379"},"modified":"2026-04-11T13:55:03","modified_gmt":"2026-04-11T11:55:03","slug":"180-markise-15-m","status":"publish","type":"product","link":"https:\/\/www.olc-adventure.de\/shop\/product\/180-markise-15-m\/","title":{"rendered":"180\u00b0 Markise 1,5m braun"},"content":{"rendered":"<p dir=\"ltr\">Die freitragende 180\u00b0 Markise von OLC Adventure ist innerhalb weniger Minuten komplett aufgebaut. Sie zeichnet sich durch eine durchdachte, leichte und trotzdem sehr stabile Konstruktion aus. Jeder Arm der Markise hat seinen eigenen Drehpunkt und ist durch die verschwei\u00dfte, doppelte 4 Kant-Aluminiumrohr Konstruktion im A-Design enorm belastbar. Die Teleskopst\u00fctze helfen bei windigem Wetter die Markise am Boden zu befestigen. Sollte es etwas mehr auffrischen, k\u00f6nnen die 4 Teleskopstangen im Handumdrehen am Boden verankert werden. 4 signalfarbene Abspannb\u00e4nder und Heringe geben der Markise dabei guten Halt. Zwischen den Armen l\u00e4sst sich die Markise nochmals abspannen, damit das Regenwasser auch sicher seinen Ablauf hat. Der Stoff besteht aus einem 600D Polyesterstoff, welcher leicht und trotzdem sehr belastbar ist. Er verf\u00fcgt \u00fcber einen UV-50 Sonnenschutz, ist tauchimpr\u00e4gniert und von unten PU beschichtet.<\/p>\n<p dir=\"ltr\">Unsere 180\u00b0 Markise verf\u00fcgt in der 1,5 m Variante seitlich am Fahrzeug gute 4 m\u00b2 Schatten und Wetterschutz.<br \/>\nBei unserem aktuellen Modell sind in die rechtwinklig abstehenden Arme LED Lichtstreifen eingearbeitet.<br \/>\nDiese werden \u00fcber die beiliegenden USB Kabel mit Strom versorgt.<\/p>\n<p dir=\"ltr\">Bei fast jedem Bulli, Bus, Van oder anderem Reisemobil bietet sich diese Art der Markise ebenfalls an.<\/p>\n<p dir=\"ltr\"><strong>Ma\u00dfe verpackt:<\/strong><br \/>\n1,6 m x 15 cm x 17 cm<\/p>\n<p dir=\"ltr\"><strong>Ma\u00dfe ge\u00f6ffnet:<br \/>\n<\/strong>4 m x 1,3 m x 17 cm<\/p>\n<p dir=\"ltr\">180\u00b0 Markise 1,5 m<\/p>\n<p dir=\"ltr\">&#8211; Stofffarbe braun<br \/>\n&#8211; einteilige Montageschiene (Abstand der durchgehenden, horizontalen Nuten: 105 mm)<br \/>\n&#8211; 600D Oxford Polyester Stoff<br \/>\n&#8211; 4 bauartgleiche Arme<br \/>\n&#8211; 4 Teleskopstangen beiliegend 2,3m<br \/>\n&#8211; Pindown F\u00fc\u00dfe an den Teleskopstangen<br \/>\n&#8211; Heavy Duty Karabinerhaken und Schnellspanner zum aufspannen<br \/>\n&#8211; 50 mm breite Klettverriegelung f\u00fcr den aufgerollten Stoff<br \/>\n&#8211; 2x LED Beleuchtung, 3-farbig und dimmbar<br \/>\n&#8211; variable Tasche f\u00fcr die Powerbank, um die LED Beleuchtung zu befeuern<br \/>\n&#8211; Gewicht: 14,2 Kg<\/p>\n<p dir=\"ltr\">Lieferumfang:<\/p>\n<p dir=\"ltr\">180\u00b0 Markise inkl. LED Lichtstreifen<br \/>\n2 Stromkabel USB-A<br \/>\n2 Montagewinkel 4-teilig inkl. Hardware (Ma\u00dfe der Winkel: L 250 mm, B 70 mm, H 150 mm)<br \/>\n4 Teleskopstangen beiliegend 2,3m<br \/>\n4 Abspannseile<br \/>\n4 Erdanker<\/p>\n<p dir=\"ltr\">Dank der universellen Montagewinkel ist der Einsatz an fast jedem Fahrzeug m\u00f6glich. Verschiedene Hardware liegt dem Set dazu bei.<\/p>\n<p>&nbsp;<\/p>\n","protected":false},"excerpt":{"rendered":"<p>Die freitragende 180\u00b0 Markise von OLC Adventure ist innerhalb weniger Minuten komplett aufgebaut. Sie zeichnet sich durch eine durchdachte, leichte und trotzdem sehr stabile Konstruktion aus. Jeder Arm der Markise hat seinen eigenen Drehpunkt und ist durch die verschwei\u00dfte, doppelte 4 Kant-Aluminiumrohr Konstruktion im A-Design enorm belastbar. Die Teleskopst\u00fctze helfen bei windigem Wetter die Markise [&hellip;]<\/p>\n","protected":false},"featured_media":6383,"comment_status":"closed","ping_status":"closed","template":"","meta":{"_acf_changed":false},"product_brand":[288],"product_cat":[270],"product_tag":[313,291,280,284,286,285,279],"class_list":{"0":"post-6379","1":"product","2":"type-product","3":"status-publish","4":"has-post-thumbnail","6":"product_brand-olc-adventure","7":"product_cat-markisen","8":"product_tag-1-5m","9":"product_tag-291","10":"product_tag-280","11":"product_tag-2m","12":"product_tag-freihaengend","13":"product_tag-freitragend","14":"product_tag-markise","15":"product_shipping_class-markisen","17":"first","18":"instock","19":"sold-individually","20":"shipping-taxable","21":"purchasable","22":"product-type-simple"},"acf":[],"_links":{"self":[{"href":"https:\/\/www.olc-adventure.de\/shop\/wp-json\/wp\/v2\/product\/6379","targetHints":{"allow":["GET"]}}],"collection":[{"href":"https:\/\/www.olc-adventure.de\/shop\/wp-json\/wp\/v2\/product"}],"about":[{"href":"https:\/\/www.olc-adventure.de\/shop\/wp-json\/wp\/v2\/types\/product"}],"replies":[{"embeddable":true,"href":"https:\/\/www.olc-adventure.de\/shop\/wp-json\/wp\/v2\/comments?post=6379"}],"wp:featuredmedia":[{"embeddable":true,"href":"https:\/\/www.olc-adventure.de\/shop\/wp-json\/wp\/v2\/media\/6383"}],"wp:attachment":[{"href":"https:\/\/www.olc-adventure.de\/shop\/wp-json\/wp\/v2\/media?parent=6379"}],"wp:term":[{"taxonomy":"product_brand","embeddable":true,"href":"https:\/\/www.olc-adventure.de\/shop\/wp-json\/wp\/v2\/product_brand?post=6379"},{"taxonomy":"product_cat","embeddable":true,"href":"https:\/\/www.olc-adventure.de\/shop\/wp-json\/wp\/v2\/product_cat?post=6379"},{"taxonomy":"product_tag","embeddable":true,"href":"https:\/\/www.olc-adventure.de\/shop\/wp-json\/wp\/v2\/product_tag?post=6379"}],"curies":[{"name":"wp","href":"https:\/\/api.w.org\/{rel}","templated":true}]}}