{"id":6444,"date":"2025-11-13T17:21:14","date_gmt":"2025-11-13T16:21:14","guid":{"rendered":"https:\/\/www.olc-adventure.de\/shop\/?post_type=product&#038;p=6444"},"modified":"2026-03-01T09:03:22","modified_gmt":"2026-03-01T08:03:22","slug":"seitenwandset-180-markise-25-m","status":"publish","type":"product","link":"https:\/\/www.olc-adventure.de\/shop\/product\/seitenwandset-180-markise-25-m\/","title":{"rendered":"Seitenwandset 180\u00b0 Markise 2,5 m"},"content":{"rendered":"<p dir=\"ltr\">F\u00fcr unsere freitragenden Markisen haben wir nat\u00fcrlich auch exklusive Seitenwandsets.<\/p>\n<p dir=\"ltr\">Schafft euch einen gem\u00fctlichen Raum mit den original Seitenw\u00e4nden von OLC Adventure.<br \/>\nBei der 180\u00b0 Markise sind im Lieferumfang 6 einzelne und nummerierte Seitenw\u00e4nde samt Heringen beinhaltet.<\/p>\n<p>Die 3 Fahrzeugseitigen Seitenw\u00e4nde verf\u00fcgen bei der mittleren Seitenwand \u00fcber einen Rei\u00dfverschluss mit gro\u00dfz\u00fcgiger \u00d6ffnung, um an das Fahrzeug zu gelangen.<br \/>\nAu\u00dfen, mittig hat man Zugang zu seinem &#8222;Vorzelt&#8220;, und die seitlich schr\u00e4gen Seitenw\u00e4nde verf\u00fcgen \u00fcber je 1 Fenster, welches man von au\u00dfen \u00f6ffnen kann.<br \/>\nAlle drei \u00d6ffnungen halten bereits einen Insektenschutz bereit.<\/p>\n<p data-start=\"415\" data-end=\"544\">Dieses Seitenwand-Set verwandelt den \u00fcberdachten Bereich unter deiner Markise in einen geschlossenen, komfortablen Raum:<\/p>\n<ul data-start=\"545\" data-end=\"1053\">\n<li data-start=\"545\" data-end=\"638\">\n<p data-start=\"547\" data-end=\"638\">mehrere Seitenwand-Segmente verbinden sich zur Seite und zum Eingangsbereich unter der Markise.<\/p>\n<\/li>\n<li data-start=\"639\" data-end=\"738\">\n<p data-start=\"641\" data-end=\"738\">mehrere Segmente enthalten Moskitonetze sowie ggf. Fenster oder T\u00fcr\u00f6ffnungen.<\/p>\n<\/li>\n<li data-start=\"739\" data-end=\"915\">\n<p data-start=\"741\" data-end=\"915\">das Set bietet Schutz vor Wind, Regen, fremden Blicken und Insekten \u2013 ideal f\u00fcr die freitragende Markise.<\/p>\n<\/li>\n<li data-start=\"739\" data-end=\"915\">\n<p data-start=\"741\" data-end=\"915\">Einfache Montage durch Klettverschl\u00fcsse, \u00d6sen und Erdanker, ohne Spezialwerkzeug.<\/p>\n<\/li>\n<\/ul>\n<h3 data-start=\"1060\" data-end=\"1093\">Merkmale &amp; Technische Daten<\/h3>\n<ul data-start=\"1094\" data-end=\"1956\">\n<li data-start=\"1094\" data-end=\"1214\">\n<p data-start=\"1096\" data-end=\"1214\"><strong data-start=\"1096\" data-end=\"1108\">Material<\/strong>:\u00a0 600D Oxford Polyester mit wasserabweisender Impr\u00e4gnierung.<\/p>\n<\/li>\n<li data-start=\"1215\" data-end=\"1349\">\n<p data-start=\"1217\" data-end=\"1349\"><strong data-start=\"1217\" data-end=\"1225\">H\u00f6he<\/strong>: circa 190 &#8211; 220 cm \u2013 also ausreichend f\u00fcr komfortablen Durchgang.<\/p>\n<\/li>\n<li data-start=\"1350\" data-end=\"1452\">\n<p data-start=\"1352\" data-end=\"1452\"><strong data-start=\"1352\" data-end=\"1363\">Gewicht<\/strong>: ca. 20 kg (Set) bei ~2,5 m Ausladung.<\/p>\n<\/li>\n<li data-start=\"1453\" data-end=\"1582\">\n<p data-start=\"1455\" data-end=\"1582\"><strong data-start=\"1455\" data-end=\"1471\">Lieferumfang<\/strong>: 6 Wand-Segmente + Transporttasche + Erdanker.<\/p>\n<\/li>\n<li data-start=\"1583\" data-end=\"1785\">\n<p data-start=\"1585\" data-end=\"1785\"><strong data-start=\"1585\" data-end=\"1612\">Moskitonetz-Integration<\/strong>: Fenster und T\u00fcren bzw. \u00d6ffnungen mit Insektennetz ausgestattet, sodass Luftzirkulation m\u00f6glich ist, aber keine M\u00fccken hineinkommen.<\/p>\n<\/li>\n<li data-start=\"1786\" data-end=\"1956\">\n<p data-start=\"1788\" data-end=\"1956\"><strong data-start=\"1788\" data-end=\"1799\">Montage<\/strong>: Die Seitenw\u00e4nde werden am Frontprofil der Markise mit Klett angeschlossen und ggf. am Boden verankert.<\/p>\n<\/li>\n<\/ul>\n<hr data-start=\"1958\" data-end=\"1961\" \/>\n<h3 data-start=\"1963\" data-end=\"1977\">Vorteile<\/h3>\n<ul data-start=\"1978\" data-end=\"2508\">\n<li data-start=\"1978\" data-end=\"2150\">\n<p data-start=\"1980\" data-end=\"2150\">Du erh\u00e4ltst mehr Privatsph\u00e4re und Schutz bei wechselhaftem Wetter \u2013 Wind, Regen oder neugierige Blicke sind besser abgehalten.<\/p>\n<\/li>\n<li data-start=\"2151\" data-end=\"2290\">\n<p data-start=\"2153\" data-end=\"2290\">Die integrierten Moskitonetze sorgten daf\u00fcr, dass du trotz geschlossener W\u00e4nde frische Luft hast und nicht von Insekten gest\u00f6rt wirst.<\/p>\n<\/li>\n<li data-start=\"2291\" data-end=\"2368\">\n<p data-start=\"2293\" data-end=\"2368\">Schneller und meist werkzeugarmer Aufbau macht die Nutzung unkompliziert.<\/p>\n<\/li>\n<li data-start=\"2369\" data-end=\"2508\">\n<p data-start=\"2371\" data-end=\"2508\">Flexibilit\u00e4t: je nach Wetterlage kannst du \u00d6ffnungen mit Netz oder geschlossenen Segmenten w\u00e4hlen.<\/p>\n<\/li>\n<\/ul>\n<hr data-start=\"2510\" data-end=\"2513\" \/>\n<h3 data-start=\"2515\" data-end=\"2555\">Hinweise \/ Worauf achten beim Kauf<\/h3>\n<ul data-start=\"2556\" data-end=\"3651\">\n<li data-start=\"2556\" data-end=\"2793\">\n<p data-start=\"2558\" data-end=\"2793\"><strong data-start=\"2558\" data-end=\"2576\">Passende Gr\u00f6\u00dfe<\/strong>: Achte darauf, dass das Seitenwand-Set zur H\u00f6he deiner Anwendung passt. Frage zur Not per Email nach.<\/p>\n<\/li>\n<li data-start=\"2794\" data-end=\"2971\">\n<p data-start=\"2796\" data-end=\"2971\"><strong data-start=\"2796\" data-end=\"2816\">Materialqualit\u00e4t<\/strong>: Schwereres Material mag auf den ersten Blick abschreckend sein, aber langfristige Wetter-\/Windbelastung ben\u00f6tigt robustere Stoffe.<\/p>\n<\/li>\n<li data-start=\"2972\" data-end=\"3122\">\n<p data-start=\"2974\" data-end=\"3122\"><strong data-start=\"2974\" data-end=\"2994\">Bodenbefestigung<\/strong>: Damit Wind nicht unter die W\u00e4nde zieht oder die Wand aufbl\u00e4ht \u2013 gute Verankerung (z. B. Erdanker\/Abspannleinen) ist wichtig.<\/p>\n<\/li>\n<li data-start=\"3123\" data-end=\"3231\">\n<p data-start=\"3125\" data-end=\"3231\"><strong data-start=\"3125\" data-end=\"3148\">Moskitonetzqualit\u00e4t<\/strong>: Feinmaschiges Netz ohne gro\u00dfe \u00d6ffnungen, gute Bel\u00fcftung und robust verarbeitet.<\/p>\n<\/li>\n<li data-start=\"3232\" data-end=\"3432\">\n<p data-start=\"3234\" data-end=\"3432\"><strong data-start=\"3234\" data-end=\"3258\">Montage und Lagerung<\/strong>: Pr\u00fcfe, wie einfach Montage und Demontage sind \u2013 bei h\u00e4ufigem Einsatz ist ein gutes Packma\u00df und einfache Handhabung sehr hilfreich.<\/p>\n<\/li>\n<li data-start=\"3433\" data-end=\"3651\">\n<p data-start=\"3435\" data-end=\"3651\"><strong data-start=\"3435\" data-end=\"3466\">Wetterschutz vs. Sicherheit<\/strong>: Auch wenn Seitenw\u00e4nde Wind und Regen abhalten \u2013 bei starkem Wind oder Schnee muss ggf. die Markise und\/oder W\u00e4nde eingefahren bzw. entfernt werden.<\/p>\n<\/li>\n<\/ul>\n<hr data-start=\"3653\" data-end=\"3656\" \/>\n<h3 data-start=\"3658\" data-end=\"3674\">Empfehlung<\/h3>\n<p data-start=\"3675\" data-end=\"3938\">Wenn du unter deiner Markise einen gesch\u00fctzten Wohn- oder Aufenthaltsbereich (z. B. auf dem Campingplatz oder beim sonstigen Campen) schaffen m\u00f6chtest \u2013 mit Schutz vor Insekten und Wetter \u2013 dann ist so ein Seitenwand-Set mit Moskitonetz eine sehr gute Erweiterung.<\/p>\n<p data-start=\"3940\" data-end=\"4189\">Wenn du willst, kann ich dir ein paar Produktmodelle mit Ma\u00dfen &amp; Preisen heraussuchen, die verf\u00fcgbar sind, und wir schauen zusammen, welches am besten zu deinem Einsatzfall passt (Ma\u00dfe, Ausladung, Budget). M\u00f6chtest du das? Dann kontaktiere uns gern per Mail.<\/p>\n<p>&nbsp;<\/p>\n","protected":false},"excerpt":{"rendered":"<p>F\u00fcr unsere freitragenden Markisen haben wir nat\u00fcrlich auch exklusive Seitenwandsets. Schafft euch einen gem\u00fctlichen Raum mit den original Seitenw\u00e4nden von OLC Adventure. Bei der 180\u00b0 Markise sind im Lieferumfang 6 einzelne und nummerierte Seitenw\u00e4nde samt Heringen beinhaltet. Die 3 Fahrzeugseitigen Seitenw\u00e4nde verf\u00fcgen bei der mittleren Seitenwand \u00fcber einen Rei\u00dfverschluss mit gro\u00dfz\u00fcgiger \u00d6ffnung, um an das [&hellip;]<\/p>\n","protected":false},"featured_media":6445,"comment_status":"closed","ping_status":"closed","template":"","meta":{"_acf_changed":false},"product_brand":[288],"product_cat":[287],"product_tag":[291,293,292,280,284,286,285,279,289,290],"class_list":{"0":"post-6444","1":"product","2":"type-product","3":"status-publish","4":"has-post-thumbnail","6":"product_brand-olc-adventure","7":"product_cat-seitenwandsets","8":"product_tag-291","9":"product_tag-1m","10":"product_tag-292","11":"product_tag-280","12":"product_tag-2m","13":"product_tag-freihaengend","14":"product_tag-freitragend","15":"product_tag-markise","16":"product_tag-seitenwand","17":"product_tag-seitenwandset","18":"product_shipping_class-paket-gross","20":"first","21":"instock","22":"sold-individually","23":"shipping-taxable","24":"purchasable","25":"product-type-simple"},"acf":[],"_links":{"self":[{"href":"https:\/\/www.olc-adventure.de\/shop\/wp-json\/wp\/v2\/product\/6444","targetHints":{"allow":["GET"]}}],"collection":[{"href":"https:\/\/www.olc-adventure.de\/shop\/wp-json\/wp\/v2\/product"}],"about":[{"href":"https:\/\/www.olc-adventure.de\/shop\/wp-json\/wp\/v2\/types\/product"}],"replies":[{"embeddable":true,"href":"https:\/\/www.olc-adventure.de\/shop\/wp-json\/wp\/v2\/comments?post=6444"}],"wp:featuredmedia":[{"embeddable":true,"href":"https:\/\/www.olc-adventure.de\/shop\/wp-json\/wp\/v2\/media\/6445"}],"wp:attachment":[{"href":"https:\/\/www.olc-adventure.de\/shop\/wp-json\/wp\/v2\/media?parent=6444"}],"wp:term":[{"taxonomy":"product_brand","embeddable":true,"href":"https:\/\/www.olc-adventure.de\/shop\/wp-json\/wp\/v2\/product_brand?post=6444"},{"taxonomy":"product_cat","embeddable":true,"href":"https:\/\/www.olc-adventure.de\/shop\/wp-json\/wp\/v2\/product_cat?post=6444"},{"taxonomy":"product_tag","embeddable":true,"href":"https:\/\/www.olc-adventure.de\/shop\/wp-json\/wp\/v2\/product_tag?post=6444"}],"curies":[{"name":"wp","href":"https:\/\/api.w.org\/{rel}","templated":true}]}}