{"id":6661,"date":"2025-12-29T17:49:58","date_gmt":"2025-12-29T16:49:58","guid":{"rendered":"https:\/\/www.olc-adventure.de\/shop\/?post_type=product&#038;p=6661"},"modified":"2025-12-29T18:07:43","modified_gmt":"2025-12-29T17:07:43","slug":"270-markise-25m-links-fahrerseite-schnaeppchen","status":"publish","type":"product","link":"https:\/\/www.olc-adventure.de\/shop\/product\/270-markise-25m-links-fahrerseite-schnaeppchen\/","title":{"rendered":"270\u00b0 Markise 2,5m links\/Fahrerseite grau &#8211; Schn\u00e4ppchen"},"content":{"rendered":"<p dir=\"ltr\">Bei dieser leicht gebrauchten Markise handelt es sich um ein Ausstellungsmodell.<\/p>\n<p dir=\"ltr\">Es ist so gut wie neuwertig, und weist nur ein paar kleine Gebrauchsspuren auf.<\/p>\n<p dir=\"ltr\">Die Fotos sind Beispielbilder.<\/p>\n<p dir=\"ltr\">Die freitragende 270\u00b0 Markise von OLC Adventure ist innerhalb weniger Minuten komplett aufgebaut. Sie zeichnet sich durch eine durchdachte, leichte und trotzdem sehr stabile Konstruktion aus. Jeder Arm der Markise hat seinen eigenen Drehpunkt und ist durch die verschwei\u00dfte, doppelte 4 Kant-Aluminiumrohr Konstruktion im A-Design enorm belastbar. Kleine Aufsteller auf den Armen geben dem Stoff ein Gef\u00e4lle, damit Regenwasser gut und gezielt ablaufen kann. Die am dritten Arm integrierte Teleskopst\u00fctze hilft bei leicht windigem Wetter die Markise am Boden zu befestigen. Sollte es etwas mehr auffrischen, k\u00f6nnen die 3 \u00fcbrigen Teleskopstangen im Handumdrehen installiert werden. 4 signalfarbene Abspannb\u00e4nder und Heringe geben der Markise dabei guten Halt. Zwischen den Armen l\u00e4sst sich die Markise nochmals abspannen, damit das Regenwasser auch sicher seinen Ablauf hat. Der Stoff besteht aus einem 600D Polyesterstoff, welcher leicht und trotzdem sehr belastbar ist. Er verf\u00fcgt \u00fcber einen UV-50 Sonnenschutz, ist tauchimpr\u00e4gniert und von unten PU beschichtet.<\/p>\n<p dir=\"ltr\">Dank der universellen Montagewinkel ist der Einsatz an fast jedem Fahrzeug m\u00f6glich. Verschiedene Hardware liegt dem Set dazu bei.<\/p>\n<p dir=\"ltr\">&#8211; Stofffarbe grau<br \/>\n&#8211; einteilige Montageschiene (Abstand der durchgehenden, horizontalen Nuten: 105 mm)<br \/>\n&#8211; 600D Oxford Polyester Stoff<br \/>\n&#8211; 4 bauartgleiche Arme<br \/>\n&#8211; 1 Teleskopstange integriert, 3 beiliegend 2,3m<br \/>\n&#8211; Pindown F\u00fc\u00dfe an den Teleskopstangen<br \/>\n&#8211; Aufsteller f\u00fcr besseren\u00a0 Wasserablauf<br \/>\n&#8211; Heavy Duty Karabinerhaken und Schnellspanner zum aufspannen<br \/>\n&#8211; 50 mm breite Klettverriegelung f\u00fcr den aufgerollten Stoff<br \/>\n&#8211; 3x LED Beleuchtung, 3-farbig und dimmbar<br \/>\n&#8211; variable Tasche f\u00fcr die Powerbank, um die LED Beleuchtung zu befeuern<\/p>\n<p dir=\"ltr\">Ma\u00dfe: 2,6 m x 15 cm x 17 cm<br \/>\nGewicht: 22 Kg<br \/>\nStoff: 600D Oxford Polyester<\/p>\n<p>Lieferumfang:<br \/>\n270\u00b0 Markise 2,5 m<br \/>\n2 Montagewinkel inkl. Hardware (Ma\u00dfe der Winkel:\u00a0L\u00a0250 mm, B\u00a070 mm, H\u00a0150 mm)<br \/>\n4 Teleskopstangen (1 davon montiert) 2,3m<br \/>\n4 Abspannseile<br \/>\n4 Erdanker<br \/>\nKabel f\u00fcr LED Beleuchtung<\/p>\n","protected":false},"excerpt":{"rendered":"<p>Bei dieser leicht gebrauchten Markise handelt es sich um ein Ausstellungsmodell. Es ist so gut wie neuwertig, und weist nur ein paar kleine Gebrauchsspuren auf. Die Fotos sind Beispielbilder. Die freitragende 270\u00b0 Markise von OLC Adventure ist innerhalb weniger Minuten komplett aufgebaut. Sie zeichnet sich durch eine durchdachte, leichte und trotzdem sehr stabile Konstruktion aus. [&hellip;]<\/p>\n","protected":false},"featured_media":6355,"comment_status":"closed","ping_status":"closed","template":"","meta":{"_acf_changed":false},"product_brand":[],"product_cat":[274],"product_tag":[280,284,286,285,279],"class_list":{"0":"post-6661","1":"product","2":"type-product","3":"status-publish","4":"has-post-thumbnail","6":"product_cat-schnaeppchenangebote","7":"product_tag-280","8":"product_tag-2m","9":"product_tag-freihaengend","10":"product_tag-freitragend","11":"product_tag-markise","12":"product_shipping_class-markisen","13":"pa_anbauseite-fahrerseite-links","15":"first","16":"instock","17":"sold-individually","18":"shipping-taxable","19":"purchasable","20":"product-type-variable","21":"has-default-attributes"},"acf":[],"_links":{"self":[{"href":"https:\/\/www.olc-adventure.de\/shop\/wp-json\/wp\/v2\/product\/6661","targetHints":{"allow":["GET"]}}],"collection":[{"href":"https:\/\/www.olc-adventure.de\/shop\/wp-json\/wp\/v2\/product"}],"about":[{"href":"https:\/\/www.olc-adventure.de\/shop\/wp-json\/wp\/v2\/types\/product"}],"replies":[{"embeddable":true,"href":"https:\/\/www.olc-adventure.de\/shop\/wp-json\/wp\/v2\/comments?post=6661"}],"wp:featuredmedia":[{"embeddable":true,"href":"https:\/\/www.olc-adventure.de\/shop\/wp-json\/wp\/v2\/media\/6355"}],"wp:attachment":[{"href":"https:\/\/www.olc-adventure.de\/shop\/wp-json\/wp\/v2\/media?parent=6661"}],"wp:term":[{"taxonomy":"product_brand","embeddable":true,"href":"https:\/\/www.olc-adventure.de\/shop\/wp-json\/wp\/v2\/product_brand?post=6661"},{"taxonomy":"product_cat","embeddable":true,"href":"https:\/\/www.olc-adventure.de\/shop\/wp-json\/wp\/v2\/product_cat?post=6661"},{"taxonomy":"product_tag","embeddable":true,"href":"https:\/\/www.olc-adventure.de\/shop\/wp-json\/wp\/v2\/product_tag?post=6661"}],"curies":[{"name":"wp","href":"https:\/\/api.w.org\/{rel}","templated":true}]}}